{"id":9,"date":"2024-04-15T18:19:47","date_gmt":"2024-04-15T10:19:47","guid":{"rendered":"https:\/\/home-basic.tw\/index.php\/my-account\/"},"modified":"2025-08-14T23:57:30","modified_gmt":"2025-08-14T15:57:30","slug":"my-account","status":"publish","type":"page","link":"https:\/\/home-basic.tw\/index.php\/my-account\/","title":{"rendered":"\u6211\u7684\u5e33\u865f"},"content":{"rendered":"<div><p>Unii utilizatori prefer\u0103 jocurile bazate pe aplica\u021bii. O alt\u0103 credin\u021b\u0103 comun\u0103 este presupunerea c\u0103 site-urile limiteaz\u0103 juc\u0103torii noroco\u0219i, f\u0103r\u0103 niciun mecanism de pedepsire a c\u00e2\u0219tig\u0103torilor. Cazinourile cu mul\u021bi furnizori sus\u021bin fiecare stil de joc. La scurt timp dup\u0103 de rotire, Am activat func\u021bia de rotiri gratuite. Tradi\u021bionale sloturi cu trei role seam\u0103n\u0103 cu fizice ma\u0219ini cu fructe, \u00een timp ce jocurile grafice \u00eencorporeaz\u0103 imagini de \u00eenalt\u0103 calitate, imagini interactive \u0219i instrumente de implicare a juc\u0103torilor. \u00cen concluzie, platformele sigure protejeaz\u0103 utilizatorii. Oamenii spun adesea promo\u021biile sunt false. Bucur\u00e2ndu-se de spectacole \u0219i b\u0103uturi sporesc imersiunea. Pierderile pot crea frustrare, ceea ce uneori duce la jocuri mai riscante. Crea\u021bi un buget complet combinate cu <a href=\"https:\/\/doncasinoromania.ro\">https:\/\/doncasinoromania.ro<\/a> controale de pierdere \u0219i de timp, \u0219i respecta\u021bi-le indiferent de rezultat. C\u00e2nd abuzezi de promo\u021bii, po\u021bi deveni frustrat. Primul beneficiu clar sunt ore de joc suplimentare, capital bonus mai mare aduce jocuri suplimentare, ceea ce \u00ee\u021bi cre\u0219te \u00een mod logic \u0219ansele de a c\u00e2\u0219tiga. Pe scurt, instrumentele inteligente vor transforma jocurile de noroc. Anonimatul men\u021bin discre\u021bia jocurilor de noroc.<\/p><\/div><div class=\"woocommerce\"><\/div>\n","protected":false},"excerpt":{"rendered":"<p>Unii utilizatori prefer\u0103 jocurile bazate pe aplica\u021bii.  [&hellip;]<\/p>\n","protected":false},"author":1,"featured_media":0,"parent":0,"menu_order":0,"comment_status":"closed","ping_status":"closed","template":"","meta":{"footnotes":""},"class_list":["post-9","page","type-page","status-publish","hentry"],"_links":{"self":[{"href":"https:\/\/home-basic.tw\/index.php\/wp-json\/wp\/v2\/pages\/9","targetHints":{"allow":["GET"]}}],"collection":[{"href":"https:\/\/home-basic.tw\/index.php\/wp-json\/wp\/v2\/pages"}],"about":[{"href":"https:\/\/home-basic.tw\/index.php\/wp-json\/wp\/v2\/types\/page"}],"author":[{"embeddable":true,"href":"https:\/\/home-basic.tw\/index.php\/wp-json\/wp\/v2\/users\/1"}],"replies":[{"embeddable":true,"href":"https:\/\/home-basic.tw\/index.php\/wp-json\/wp\/v2\/comments?post=9"}],"version-history":[{"count":3,"href":"https:\/\/home-basic.tw\/index.php\/wp-json\/wp\/v2\/pages\/9\/revisions"}],"predecessor-version":[{"id":1631,"href":"https:\/\/home-basic.tw\/index.php\/wp-json\/wp\/v2\/pages\/9\/revisions\/1631"}],"wp:attachment":[{"href":"https:\/\/home-basic.tw\/index.php\/wp-json\/wp\/v2\/media?parent=9"}],"curies":[{"name":"wp","href":"https:\/\/api.w.org\/{rel}","templated":true}]}}